{"id":108,"date":"2023-05-23T13:58:34","date_gmt":"2023-05-23T13:58:34","guid":{"rendered":"https:\/\/msnimmigration.com\/?page_id=108"},"modified":"2023-07-06T14:58:10","modified_gmt":"2023-07-06T14:58:10","slug":"services","status":"publish","type":"page","link":"https:\/\/msnimmigration.com\/index.php\/services\/","title":{"rendered":"Services"},"content":{"rendered":"\n<p>Notre approche est bas\u00e9e sur notre exp\u00e9rience et sur nos connaissances en immigration, mais aussi sur l\u2019\u00e9coute de vos besoins et sur une \u00e9valuation de votre profil qui vous permettra de choisir cons\u00e9quemment le type de visa ou de demande adapt\u00e9 \u00e0 votre situation.<\/p>\n\n\n\n<div style=\"height:50px\" aria-hidden=\"true\" class=\"wp-block-spacer\"><\/div>\n\n\n\n<div class=\"wp-block-media-text alignwide is-stacked-on-mobile\"><figure class=\"wp-block-media-text__media\"><img loading=\"lazy\" decoding=\"async\" width=\"1024\" height=\"684\" src=\"https:\/\/msnimmigration.com\/wp-content\/uploads\/2023\/05\/cytonn-photography-YVqy4V2REqI-unsplash-Canada-1024x684.jpg\" alt=\"\" class=\"wp-image-109 size-full\" srcset=\"https:\/\/msnimmigration.com\/wp-content\/uploads\/2023\/05\/cytonn-photography-YVqy4V2REqI-unsplash-Canada-980x654.jpg 980w, https:\/\/msnimmigration.com\/wp-content\/uploads\/2023\/05\/cytonn-photography-YVqy4V2REqI-unsplash-Canada-480x320.jpg 480w\" sizes=\"(min-width: 0px) and (max-width: 480px) 480px, (min-width: 481px) and (max-width: 980px) 980px, (min-width: 981px) 1024px, 100vw\" \/><\/figure><div class=\"wp-block-media-text__content\">\n<div style=\"height:20px\" aria-hidden=\"true\" class=\"wp-block-spacer\"><\/div>\n\n\n\n<h2 class=\"wp-block-heading\">Nos services incluent\u00a0:<\/h2>\n\n\n\n<div style=\"height:20px\" aria-hidden=\"true\" class=\"wp-block-spacer\"><\/div>\n\n\n\n<ul class=\"wp-block-list\">\n<li>Visa \u00e9tudiant et permis d\u2019\u00e9tudes<\/li>\n\n\n\n<li>R\u00e9sidence permanente via Entr\u00e9e Express, ARRIMA et le programme des candidats des provinces<\/li>\n\n\n\n<li>Visa travailleur et permis de travail<\/li>\n\n\n\n<li>Permis de travail ouvert transitoire<\/li>\n\n\n\n<li>Permis vacances-travail (PVT)<\/li>\n\n\n\n<li>\u00c9tude d\u2019impact sur le march\u00e9 du travail (EIMT)<\/li>\n\n\n\n<li>Visa visiteur<\/li>\n\n\n\n<li>Regroupement familial et parrainage<\/li>\n\n\n\n<li>Immigration d\u2019affaires<\/li>\n<\/ul>\n<\/div><\/div>\n\n\n\n<div style=\"height:50px\" aria-hidden=\"true\" class=\"wp-block-spacer\"><\/div>\n\n\n\n<hr class=\"wp-block-separator alignfull has-text-color has-alpha-channel-opacity has-background is-style-wide\" style=\"background-color:#e14714;color:#e14714\"\/>\n\n\n\n<div style=\"height:50px\" aria-hidden=\"true\" class=\"wp-block-spacer\"><\/div>\n\n\n\n<h3 class=\"wp-block-heading\">Par ailleurs, vous \u00eates d\u00e9j\u00e0 au Canada et vous voulez changer de statut, r\u00e9tablir votre statut ou faire venir un membre de votre famille; nous pouvons vous accompagner pour&nbsp;:<\/h3>\n\n\n\n<div style=\"height:20px\" aria-hidden=\"true\" class=\"wp-block-spacer\"><\/div>\n\n\n\n<div class=\"wp-block-media-text alignwide has-media-on-the-right is-stacked-on-mobile is-image-fill\"><div class=\"wp-block-media-text__content\">\n<div style=\"height:20px\" aria-hidden=\"true\" class=\"wp-block-spacer\"><\/div>\n\n\n\n<ul class=\"wp-block-list\">\n<li>Un permis de travail pour conjoint; fiche visiteur pour enfants<\/li>\n\n\n\n<li>Un permis de travail pour travailleur vuln\u00e9rable<\/li>\n\n\n\n<li>Un permis de travail post-dipl\u00f4me<\/li>\n\n\n\n<li>Un super visa pour vos parents et grands-parents<\/li>\n\n\n\n<li>Une demande de renouvellement de votre permis de travail ou une demande d\u2019un nouveau permis de travail<\/li>\n\n\n\n<li>Une demande de changement de statut (changement de votre programme d\u2019\u00e9tudes ou changement du statut de r\u00e9sident temporaire \u00e0 celui de r\u00e9sident permanent)<\/li>\n\n\n\n<li>Une demande de r\u00e9tablissement de votre statut<\/li>\n\n\n\n<li>Une demande de citoyennet\u00e9 canadienne<\/li>\n\n\n\n<li>Une demande pour consid\u00e9rations humanitaires<\/li>\n\n\n\n<li>Une demande d\u2019asile<\/li>\n<\/ul>\n<\/div><figure class=\"wp-block-media-text__media\" style=\"background-image:url(https:\/\/msnimmigration.com\/wp-content\/uploads\/2023\/05\/mana5280-ivG8LkDrtjs-unsplash-1024x873.jpg);background-position:50% 50%\"><img loading=\"lazy\" decoding=\"async\" width=\"1024\" height=\"873\" src=\"https:\/\/msnimmigration.com\/wp-content\/uploads\/2023\/05\/mana5280-ivG8LkDrtjs-unsplash-1024x873.jpg\" alt=\"\" class=\"wp-image-110 size-full\" srcset=\"https:\/\/msnimmigration.com\/wp-content\/uploads\/2023\/05\/mana5280-ivG8LkDrtjs-unsplash-980x836.jpg 980w, https:\/\/msnimmigration.com\/wp-content\/uploads\/2023\/05\/mana5280-ivG8LkDrtjs-unsplash-480x409.jpg 480w\" sizes=\"(min-width: 0px) and (max-width: 480px) 480px, (min-width: 481px) and (max-width: 980px) 980px, (min-width: 981px) 1024px, 100vw\" \/><\/figure><\/div>\n\n\n\n<div style=\"height:20px\" aria-hidden=\"true\" class=\"wp-block-spacer\"><\/div>\n\n\n\n<div class=\"wp-block-buttons is-content-justification-center is-layout-flex wp-container-core-buttons-is-layout-16018d1d wp-block-buttons-is-layout-flex\">\n<div class=\"wp-block-button is-style-fill\"><a class=\"wp-block-button__link wp-element-button\" href=\"https:\/\/msnimmigration.com\/index.php\/contact\/\">Nous joindre<\/a><\/div>\n<\/div>\n","protected":false},"excerpt":{"rendered":"<p>Notre approche est bas\u00e9e sur notre exp\u00e9rience et sur nos connaissances en immigration, mais aussi sur l\u2019\u00e9coute de vos besoins et sur une \u00e9valuation de votre profil qui vous permettra de choisir cons\u00e9quemment le type de visa ou de demande adapt\u00e9 \u00e0 votre situation. Par ailleurs, vous \u00eates d\u00e9j\u00e0 au Canada et vous voulez changer [&hellip;]<\/p>\n","protected":false},"author":1,"featured_media":0,"parent":0,"menu_order":0,"comment_status":"closed","ping_status":"closed","template":"","meta":{"_et_pb_use_builder":"off","_et_pb_old_content":"","_et_gb_content_width":"1200","footnotes":""},"class_list":["post-108","page","type-page","status-publish","hentry"],"_links":{"self":[{"href":"https:\/\/msnimmigration.com\/index.php\/wp-json\/wp\/v2\/pages\/108","targetHints":{"allow":["GET"]}}],"collection":[{"href":"https:\/\/msnimmigration.com\/index.php\/wp-json\/wp\/v2\/pages"}],"about":[{"href":"https:\/\/msnimmigration.com\/index.php\/wp-json\/wp\/v2\/types\/page"}],"author":[{"embeddable":true,"href":"https:\/\/msnimmigration.com\/index.php\/wp-json\/wp\/v2\/users\/1"}],"replies":[{"embeddable":true,"href":"https:\/\/msnimmigration.com\/index.php\/wp-json\/wp\/v2\/comments?post=108"}],"version-history":[{"count":13,"href":"https:\/\/msnimmigration.com\/index.php\/wp-json\/wp\/v2\/pages\/108\/revisions"}],"predecessor-version":[{"id":268,"href":"https:\/\/msnimmigration.com\/index.php\/wp-json\/wp\/v2\/pages\/108\/revisions\/268"}],"wp:attachment":[{"href":"https:\/\/msnimmigration.com\/index.php\/wp-json\/wp\/v2\/media?parent=108"}],"curies":[{"name":"wp","href":"https:\/\/api.w.org\/{rel}","templated":true}]}}